{"id":6934,"date":"2025-03-06T19:39:48","date_gmt":"2025-03-06T19:39:48","guid":{"rendered":"https:\/\/preview.naapothemes.net\/oneup\/onepage1\/?page_id=6934"},"modified":"2026-04-11T16:53:46","modified_gmt":"2026-04-11T15:53:46","slug":"accueil","status":"publish","type":"page","link":"https:\/\/voxl.fr\/","title":{"rendered":"Accueil"},"content":{"rendered":"<div class=\"wpb-content-wrapper\"><p>[vc_row full_width=\u00a0\u00bbstretch_row\u00a0\u00bb equal_height=\u00a0\u00bbyes\u00a0\u00bb content_placement=\u00a0\u00bbmiddle\u00a0\u00bb css_animation=\u00a0\u00bbnone\u00a0\u00bb bg_type=\u00a0\u00bbimage\u00a0\u00bb parallax_style=\u00a0\u00bbvcpb-default\u00a0\u00bb bg_image_new=\u00a0\u00bbid^7010|url^http:\/\/voxl.fr\/wp-content\/uploads\/2026\/03\/ChatGPT-Image-26-mars-2026-21_35_31.png|caption^null|alt^null|title^Hero_banner|description^null\u00a0\u00bb bg_image_repeat=\u00a0\u00bbno-repeat\u00a0\u00bb bg_image_posiiton=\u00a0\u00bb0 0&Prime; bg_override=\u00a0\u00bbbrowser_size\u00a0\u00bb el_class=\u00a0\u00bbhome-background\u00a0\u00bb][vc_column css_animation=\u00a0\u00bbnone\u00a0\u00bb width=\u00a0\u00bb1\/2&Prime; css=\u00a0\u00bb.vc_custom_1703800893387{padding-left: 0px !important;}\u00a0\u00bb]<div class=\"ult-animation  ult-animate-viewport  ult-no-mobile \" data-animate=\"fadeInUpShort\" data-animation-delay=\"0.35\" data-animation-duration=\"1\" data-animation-iteration=\"1\" style=\"opacity:0;\" data-opacity_start_effect=\"\"><div id=\"uvc-type-wrap-3240\"  data-ultimate-target='#uvc-type-wrap-3240'  data-responsive-json-new='{\"font-size\":\"desktop:66px;tablet:55px;tablet_portrait:40px;mobile_landscape:40px;mobile:37px;\",\"line-height\":\"desktop:70px;tablet:60px;tablet_portrait:45px;mobile_landscape:45px;mobile:46px;\"}'  class=\"uvc-type-wrap  ult-adjust-bottom-margin ult-responsive  uvc-type-align-left  uvc-wrap-132739379669e13f024729c\" style=\"text-align:left;\"><span  data-ultimate-target='#uvc-type-wrap-3240 .mycustfancy'  data-responsive-json-new='{\"font-size\":\"desktop:66px;tablet:55px;tablet_portrait:40px;mobile_landscape:40px;mobile:37px;\",\"line-height\":\"desktop:70px;tablet:60px;tablet_portrait:45px;mobile_landscape:45px;mobile:46px;\"}'  class=\"ultimate-typewriter-prefix mycustfancy ult-responsive\" style=\"font-family:&#039;Poppins&#039;;font-weight:700;color:#111111; text-transform: unset;\">Votre studio IA pour<\/span><span id=\"typed-132739379669e13f024729c\" class=\"ultimate-typed-main \" style=\"color:__USE_THEME_MAIN_COLOR__; font-family:&#039;Poppins&#039;;font-weight:700; text-transform: unset;\"><\/span><script type=\"text\/javascript\"> \n\t\t\t\t\t\tjQuery(function($){ \n\t\t\t\t\t\t\t$(document).ready(function(){\n\t\t\t\t\t\t\t\tif( typeof jQuery(\"#typed-132739379669e13f024729c\").typed == \"function\"){\n\t\t\t\t\t\t\t\t\t$(\"#typed-132739379669e13f024729c\").typed({\n\t\t\t\t\t\t\t\t\t\tstrings: [\"\"],\n\t\t\t\t\t\t\t\t\t\ttypeSpeed: 35,\n\t\t\t\t\t\t\t\t\t\tbackSpeed: 0,\n\t\t\t\t\t\t\t\t\t\tstartDelay: 200,\n\t\t\t\t\t\t\t\t\t\tbackDelay: 1500,\n\t\t\t\t\t\t\t\t\t\tloop: true,\n\t\t\t\t\t\t\t\t\t\tloopCount: false,\n\t\t\t\t\t\t\t\t\t\tshowCursor: true,\n\t\t\t\t\t\t\t\t\t\tcursorChar: \"|\",\n\t\t\t\t\t\t\t\t\t\tattr: null\n\t\t\t\t\t\t\t\t\t});\n\t\t\t\t\t\t\t\t}\n\t\t\t\t\t\t\t});\n\t\t\t\t\t\t});\n\t\t\t\t\t<\/script><style>\n\t\t\t\t\t\t\t.uvc-wrap-132739379669e13f024729c .typed-cursor {\n\t\t\t\t\t\t\t\tcolor:rgba(184,66,84,0.01);\n\t\t\t\t\t\t\t}\n\t\t\t\t\t\t<\/style><\/div><div id=\"uvc-type-wrap-9166\"  data-ultimate-target='#uvc-type-wrap-9166'  data-responsive-json-new='{\"font-size\":\"desktop:66px;tablet:55px;tablet_portrait:40px;mobile_landscape:40px;mobile:37px;\",\"line-height\":\"desktop:70px;tablet:60px;tablet_portrait:45px;mobile_landscape:45px;mobile:46px;\"}'  class=\"uvc-type-wrap  ult-adjust-bottom-margin ult-responsive  uvc-type-align-left uvc-type-no-prefix uvc-wrap-149687401569e13f0247511\" style=\"text-align:left;\"><span id=\"typed-149687401569e13f0247511\" class=\"ultimate-typed-main \" style=\"color:__USE_THEME_MAIN_COLOR__; font-family:&#039;Poppins&#039;;font-weight:700; text-transform: unset;\"><\/span><script type=\"text\/javascript\"> \n\t\t\t\t\t\tjQuery(function($){ \n\t\t\t\t\t\t\t$(document).ready(function(){\n\t\t\t\t\t\t\t\tif( typeof jQuery(\"#typed-149687401569e13f0247511\").typed == \"function\"){\n\t\t\t\t\t\t\t\t\t$(\"#typed-149687401569e13f0247511\").typed({\n\t\t\t\t\t\t\t\t\t\tstrings: [\"Analyser.\",\"Automatiser.\",\"Fiabiliser.\"],\n\t\t\t\t\t\t\t\t\t\ttypeSpeed: 35,\n\t\t\t\t\t\t\t\t\t\tbackSpeed: 0,\n\t\t\t\t\t\t\t\t\t\tstartDelay: 200,\n\t\t\t\t\t\t\t\t\t\tbackDelay: 1500,\n\t\t\t\t\t\t\t\t\t\tloop: true,\n\t\t\t\t\t\t\t\t\t\tloopCount: false,\n\t\t\t\t\t\t\t\t\t\tshowCursor: true,\n\t\t\t\t\t\t\t\t\t\tcursorChar: \"|\",\n\t\t\t\t\t\t\t\t\t\tattr: null\n\t\t\t\t\t\t\t\t\t});\n\t\t\t\t\t\t\t\t}\n\t\t\t\t\t\t\t});\n\t\t\t\t\t\t});\n\t\t\t\t\t<\/script><style>\n\t\t\t\t\t\t\t.uvc-wrap-149687401569e13f0247511 .typed-cursor {\n\t\t\t\t\t\t\t\tcolor:rgba(184,66,84,0.01);\n\t\t\t\t\t\t\t}\n\t\t\t\t\t\t<\/style><\/div><\/div><div class=\"ult-spacer spacer-69e13f024756c\" data-id=\"69e13f024756c\" data-height=\"35\" data-height-mobile=\"20\" data-height-tab=\"\" data-height-tab-portrait=\"20\" data-height-mobile-landscape=\"20\" style=\"clear:both;display:block;\"><\/div>[vc_row_inner equal_height=\u00a0\u00bbyes\u00a0\u00bb content_placement=\u00a0\u00bbmiddle\u00a0\u00bb][vc_column_inner]<div class=\"ult-animation  ult-animate-viewport  ult-no-mobile \" data-animate=\"fadeInUpShort\" data-animation-delay=\"0.55\" data-animation-duration=\"1\" data-animation-iteration=\"1\" style=\"opacity:0;\" data-opacity_start_effect=\"\">[vc_custom_heading text=\u00a0\u00bbVOXL con\u00e7oit des automatisations et agents IA pour les PME du b\u00e2timent, les architectes et les bureaux d\u2019\u00e9tudes. Objectif : moins de t\u00e2ches manuelles, des dossiers mieux structur\u00e9s et des d\u00e9cisions plus rapides.\u00a0\u00bb font_container=\u00a0\u00bbtag:h5|text_align:left\u00a0\u00bb use_theme_fonts=\u00a0\u00bbyes\u00a0\u00bb css=\u00a0\u00bb\u00a0\u00bb]<\/div>[\/vc_column_inner][\/vc_row_inner]<div class=\"ult-spacer spacer-69e13f02475b6\" data-id=\"69e13f02475b6\" data-height=\"35\" data-height-mobile=\"20\" data-height-tab=\"\" data-height-tab-portrait=\"20\" data-height-mobile-landscape=\"20\" style=\"clear:both;display:block;\"><\/div>[vc_row_inner equal_height=\u00a0\u00bbyes\u00a0\u00bb content_placement=\u00a0\u00bbmiddle\u00a0\u00bb][vc_column_inner]<div class=\"ult-animation  ult-animate-viewport  ult-no-mobile \" data-animate=\"fadeScaleIn\" data-animation-delay=\"1\" data-animation-duration=\"1\" data-animation-iteration=\"1\" style=\"opacity:0;\" data-opacity_start_effect=\"\"><div class=\" ubtn-ctn-left \"><a class=\"ubtn-link ult-adjust-bottom-margin ubtn-left ubtn-normal \" href=\"https:\/\/voxl.fr\/#section_page-6942\" ><button type=\"button\" id=\"ubtn-5895\"  class=\"ubtn ult-adjust-bottom-margin ult-responsive ubtn-normal ubtn-fade-bg  ulta-grow  ubtn-sep-icon ubtn-sep-icon-at-right  ubtn-left   tooltip-69e13f0247615\"  data-hover=\"#ffffff\" data-border-color=\"rgba(175,58,78,0.01)\" data-bg=\"__USE_THEME_MAIN_COLOR__\" data-hover-bg=\"\" data-border-hover=\"#111111\" data-shadow-hover=\"\" data-shadow-click=\"none\" data-shadow=\"\" data-shd-shadow=\"\"  data-ultimate-target='#ubtn-5895'  data-responsive-json-new='{\"font-size\":\"desktop:16px;mobile:14px;\",\"line-height\":\"\"}'  style=\"font-family:&#039;Plus Jakarta Sans&#039;;font-weight:600;border-radius:50px;border-width:1px;border-color:rgba(175,58,78,0.01);border-style:solid;background: __USE_THEME_MAIN_COLOR__;color: #ffffff;\"><span class=\"ubtn-hover\" style=\"background-color:\"><\/span><span class=\"ubtn-data ubtn-text \" data-btn-animate=\"y\"><span class=\"btn-animate-y\">R\u00c9SERVER UN AUDIT<\/span><span class=\"ubtn-data ubtn-icon\"><i class=\"iconsreso-arrow-right-up\" style=\"font-size:23px;color:#ffffff;\"><\/i><\/span><\/span><\/button><\/a><\/div><\/div>[\/vc_column_inner][\/vc_row_inner][vc_empty_space height=\u00a0\u00bb35px\u00a0\u00bb][\/vc_column][vc_column width=\u00a0\u00bb1\/2&Prime; el_class=\u00a0\u00bbdisable-mobile\u00a0\u00bb][\/vc_column][\/vc_row][vc_row css_animation=\u00a0\u00bbnone\u00a0\u00bb el_class=\u00a0\u00bbalign-center-mobile\u00a0\u00bb][vc_column]<div class=\"ult-animation  ult-animate-viewport  ult-no-mobile \" data-animate=\"fadeInUpShort\" data-animation-delay=\"0\" data-animation-duration=\"1\" data-animation-iteration=\"1\" style=\"opacity:0;\" data-opacity_start_effect=\"\">[vc_row_inner el_class=\u00a0\u00bbabsolute-element\u00a0\u00bb][vc_column_inner]<div class=\"aio-icon-component   scroll-down-icon nav-to left style_1\"><a class=\"aio-icon-box-link\" href=\"#reso-first-section\" ><div id=\"Info-box-wrap-7284\" class=\"aio-icon-box default-icon\" style=\"\"  ><div class=\"aio-icon-default\"><div class=\"ult-just-icon-wrapper  \"><div class=\"align-icon\" style=\"text-align:center;\">\n<div class=\"aio-icon-img \" style=\"font-size:40px;background:rgba(255,255,255,0.01);display:inline-block;\" >\n\t<img decoding=\"async\" class=\"img-icon\" alt=\"null\" src=\"https:\/\/preview.naapothemes.net\/oneup\/maindemo\/wp-content\/uploads\/sites\/2\/2025\/02\/arrow-down.svg\"\/>\n<\/div><\/div><\/div><\/div><\/div> <!-- aio-icon-box --><\/a><\/div> <!-- aio-icon-component -->[\/vc_column_inner][\/vc_row_inner]<\/div>[\/vc_column][\/vc_row]<\/p>\n<\/div>","protected":false},"excerpt":{"rendered":"<p>[vc_row full_width=\u00a0\u00bbstretch_row\u00a0\u00bb equal_height=\u00a0\u00bbyes\u00a0\u00bb content_placement=\u00a0\u00bbmiddle\u00a0\u00bb css_animation=\u00a0\u00bbnone\u00a0\u00bb bg_type=\u00a0\u00bbimage\u00a0\u00bb parallax_style=\u00a0\u00bbvcpb-default\u00a0\u00bb bg_image_new=\u00a0\u00bbid^7010|url^http:\/\/voxl.fr\/wp-content\/uploads\/2026\/03\/ChatGPT-Image-26-mars-2026-21_35_31.png|caption^null|alt^null|title^Hero_banner|description^null\u00a0\u00bb bg_image_repeat=\u00a0\u00bbno-repeat\u00a0\u00bb bg_image_posiiton=\u00a0\u00bb0 0&Prime; bg_override=\u00a0\u00bbbrowser_size\u00a0\u00bb el_class=\u00a0\u00bbhome-background\u00a0\u00bb][vc_column css_animation=\u00a0\u00bbnone\u00a0\u00bb width=\u00a0\u00bb1\/2&Prime; css=\u00a0\u00bb.vc_custom_1703800893387{padding-left: 0px !important;}\u00a0\u00bb][vc_row_inner equal_height=\u00a0\u00bbyes\u00a0\u00bb content_placement=\u00a0\u00bbmiddle\u00a0\u00bb][vc_column_inner][\/vc_column_inner][\/vc_row_inner][vc_row_inner equal_height=\u00a0\u00bbyes\u00a0\u00bb content_placement=\u00a0\u00bbmiddle\u00a0\u00bb][vc_column_inner][\/vc_column_inner][\/vc_row_inner][vc_empty_space height=\u00a0\u00bb35px\u00a0\u00bb][\/vc_column][vc_column width=\u00a0\u00bb1\/2&Prime; el_class=\u00a0\u00bbdisable-mobile\u00a0\u00bb][\/vc_column][\/vc_row][vc_row css_animation=\u00a0\u00bbnone\u00a0\u00bb el_class=\u00a0\u00bbalign-center-mobile\u00a0\u00bb][vc_column][\/vc_column][\/vc_row]<\/p>\n","protected":false},"author":2,"featured_media":0,"parent":0,"menu_order":0,"comment_status":"closed","ping_status":"closed","template":"template-home.php","meta":{"inline_featured_image":false,"footnotes":""},"class_list":["post-6934","page","type-page","status-publish","hentry"],"_links":{"self":[{"href":"https:\/\/voxl.fr\/index.php\/wp-json\/wp\/v2\/pages\/6934","targetHints":{"allow":["GET"]}}],"collection":[{"href":"https:\/\/voxl.fr\/index.php\/wp-json\/wp\/v2\/pages"}],"about":[{"href":"https:\/\/voxl.fr\/index.php\/wp-json\/wp\/v2\/types\/page"}],"author":[{"embeddable":true,"href":"https:\/\/voxl.fr\/index.php\/wp-json\/wp\/v2\/users\/2"}],"replies":[{"embeddable":true,"href":"https:\/\/voxl.fr\/index.php\/wp-json\/wp\/v2\/comments?post=6934"}],"version-history":[{"count":15,"href":"https:\/\/voxl.fr\/index.php\/wp-json\/wp\/v2\/pages\/6934\/revisions"}],"predecessor-version":[{"id":7027,"href":"https:\/\/voxl.fr\/index.php\/wp-json\/wp\/v2\/pages\/6934\/revisions\/7027"}],"wp:attachment":[{"href":"https:\/\/voxl.fr\/index.php\/wp-json\/wp\/v2\/media?parent=6934"}],"curies":[{"name":"wp","href":"https:\/\/api.w.org\/{rel}","templated":true}]}}